{"id":16,"date":"2024-04-10T07:57:56","date_gmt":"2024-04-10T06:57:56","guid":{"rendered":"https:\/\/szentistvan-vendeghaz.hu\/?page_id=16"},"modified":"2025-08-09T12:02:02","modified_gmt":"2025-08-09T11:02:02","slug":"arak","status":"publish","type":"page","link":"https:\/\/szentistvan-vendeghaz.hu\/index.php\/arak\/","title":{"rendered":"\u00c1rak"},"content":{"rendered":"<div id=\"center\">\n<div class=\"container\">\n<div id=\"content\" class=\"content-box\">\n<p>\u00c1rak:<\/p>\n<table>\n<tbody>\n<tr>\n<th>F\u0151\u00e9p\u00fclet<\/th>\n<th>\u00c1r\/\u00e9jszaka<\/th>\n<\/tr>\n<tr>\n<td>1 szoba\/2 f\u0151<\/td>\n<td>24 000 Ft<\/td>\n<\/tr>\n<\/tbody>\n<\/table>\n<table>\n<tbody>\n<tr>\n<th>Kis \u00e9p\u00fclet<\/th>\n<th>\u00c1r\/\u00e9jszaka<\/th>\n<\/tr>\n<tr>\n<td>F\u00f6ldszint\/1 szoba\/2 f\u0151<\/td>\n<td>30 000 Ft<\/td>\n<\/tr>\n<tr>\n<td><\/td>\n<td><\/td>\n<\/tr>\n<tr>\n<td><\/td>\n<td><\/td>\n<\/tr>\n<tr>\n<td><\/td>\n<td><\/td>\n<\/tr>\n<\/tbody>\n<\/table>\n<\/div>\n<\/div>\n<\/div>\n<div id=\"center\">\n<div class=\"container\">\n<div id=\"content\" class=\"content-box\">\n<p>&nbsp;<\/p>\n<table>\n<tbody>\n<tr>\n<th>Szolg\u00e1ltat\u00e1s<\/th>\n<th><\/th>\n<\/tr>\n<tr>\n<td>Idegenforgalmi ad\u00f3<\/td>\n<td>700 Ft \/ f\u0151 \/ \u00e9j<\/td>\n<\/tr>\n<tr>\n<td>P\u00f3t\u00e1gy (<em>gyerekeknek<\/em>)<\/td>\n<td>5 500 Ft \/ \u00e9j<\/td>\n<\/tr>\n<tr>\n<td><\/td>\n<td><\/td>\n<\/tr>\n<\/tbody>\n<\/table>\n<p>*<strong>Egyes id\u0151szakokban a foglal\u00e1sokhoz foglal\u00f3 fizet\u00e9s\u00e9t k\u00e9rj\u00fck. Ennek m\u00e9rt\u00e9k\u00e9t \u00e9s a lemond\u00e1si felt\u00e9teleket aj\u00e1nlatunkban adjuk meg.<\/strong><\/p>\n<h2>Kedvezm\u00e9nyek<\/h2>\n<ul>\n<li><strong>0-2 \u00e9ves korig ingyenes<\/strong><\/li>\n<li>F\u0171t\u0151-h\u0171t\u0151 kl\u00edma korl\u00e1tlan haszn\u00e1lata<\/li>\n<li>Aktu\u00e1lis csomagaj\u00e1nlataink<\/li>\n<li><strong>OTP, MKB, K&amp;H Sz\u00e9chenyi (Sz\u00e9p) Pihen\u0151k\u00e1rty\u00e1t elfogadunk.<\/strong><\/li>\n<\/ul>\n<\/div>\n<\/div>\n<\/div>\n","protected":false},"excerpt":{"rendered":"<p>\u00c1rak: F\u0151\u00e9p\u00fclet \u00c1r\/\u00e9jszaka 1 szoba\/2 f\u0151 24 000 Ft Kis \u00e9p\u00fclet \u00c1r\/\u00e9jszaka F\u00f6ldszint\/1 szoba\/2 f\u0151 30 000 Ft &nbsp; Szolg\u00e1ltat\u00e1s Idegenforgalmi ad\u00f3 700 Ft \/ f\u0151 \/ \u00e9j P\u00f3t\u00e1gy (gyerekeknek) 5 500 Ft \/ \u00e9j *Egyes id\u0151szakokban a foglal\u00e1sokhoz foglal\u00f3 fizet\u00e9s\u00e9t k\u00e9rj\u00fck. Ennek m\u00e9rt\u00e9k\u00e9t \u00e9s a lemond\u00e1si felt\u00e9teleket aj\u00e1nlatunkban adjuk meg. Kedvezm\u00e9nyek 0-2 \u00e9ves korig ingyenes F\u0171t\u0151-h\u0171t\u0151 kl\u00edma korl\u00e1tlan haszn\u00e1lata Aktu\u00e1lis csomagaj\u00e1nlataink OTP, MKB, K&amp;H Sz\u00e9chenyi (Sz\u00e9p) Pihen\u0151k\u00e1rty\u00e1t elfogadunk.<\/p>\n","protected":false},"author":1,"featured_media":0,"parent":0,"menu_order":0,"comment_status":"closed","ping_status":"closed","template":"","meta":{"footnotes":""},"class_list":["post-16","page","type-page","status-publish","hentry"],"_links":{"self":[{"href":"https:\/\/szentistvan-vendeghaz.hu\/index.php\/wp-json\/wp\/v2\/pages\/16","targetHints":{"allow":["GET"]}}],"collection":[{"href":"https:\/\/szentistvan-vendeghaz.hu\/index.php\/wp-json\/wp\/v2\/pages"}],"about":[{"href":"https:\/\/szentistvan-vendeghaz.hu\/index.php\/wp-json\/wp\/v2\/types\/page"}],"author":[{"embeddable":true,"href":"https:\/\/szentistvan-vendeghaz.hu\/index.php\/wp-json\/wp\/v2\/users\/1"}],"replies":[{"embeddable":true,"href":"https:\/\/szentistvan-vendeghaz.hu\/index.php\/wp-json\/wp\/v2\/comments?post=16"}],"version-history":[{"count":5,"href":"https:\/\/szentistvan-vendeghaz.hu\/index.php\/wp-json\/wp\/v2\/pages\/16\/revisions"}],"predecessor-version":[{"id":206,"href":"https:\/\/szentistvan-vendeghaz.hu\/index.php\/wp-json\/wp\/v2\/pages\/16\/revisions\/206"}],"wp:attachment":[{"href":"https:\/\/szentistvan-vendeghaz.hu\/index.php\/wp-json\/wp\/v2\/media?parent=16"}],"curies":[{"name":"wp","href":"https:\/\/api.w.org\/{rel}","templated":true}]}}